{"id":941,"date":"2025-10-13T15:55:40","date_gmt":"2025-10-13T13:55:40","guid":{"rendered":"https:\/\/www.sunexpress.it\/ueber-uns\/"},"modified":"2025-11-27T12:03:19","modified_gmt":"2025-11-27T11:03:19","slug":"ueber-uns","status":"publish","type":"page","link":"https:\/\/www.sunexpress.it\/de\/ueber-uns\/","title":{"rendered":"\u00dcber uns"},"content":{"rendered":"\t\t<div data-elementor-type=\"wp-page\" data-elementor-id=\"941\" class=\"elementor elementor-941 elementor-118\" data-elementor-post-type=\"page\">\n\t\t\t\t<div class=\"elementor-element elementor-element-ad05163 e-flex e-con-boxed e-con e-parent\" data-id=\"ad05163\" data-element_type=\"container\" data-e-type=\"container\" data-settings=\"{&quot;background_background&quot;:&quot;slideshow&quot;,&quot;background_slideshow_gallery&quot;:[{&quot;id&quot;:72,&quot;url&quot;:&quot;https:\\\/\\\/www.sunexpress.it\\\/wp-content\\\/uploads\\\/2025\\\/10\\\/img1-slider-home-page-sunexpress.jpg&quot;},{&quot;id&quot;:79,&quot;url&quot;:&quot;https:\\\/\\\/www.sunexpress.it\\\/wp-content\\\/uploads\\\/2025\\\/10\\\/img2-slider-home-page-sunexpress.jpg&quot;},{&quot;id&quot;:83,&quot;url&quot;:&quot;https:\\\/\\\/www.sunexpress.it\\\/wp-content\\\/uploads\\\/2025\\\/10\\\/img3-slider-home-page-sunexpress.jpg&quot;}],&quot;background_slideshow_slide_duration&quot;:3500,&quot;background_slideshow_ken_burns&quot;:&quot;yes&quot;,&quot;shape_divider_bottom&quot;:&quot;triangle-asymmetrical&quot;,&quot;shape_divider_bottom_negative&quot;:&quot;yes&quot;,&quot;background_slideshow_loop&quot;:&quot;yes&quot;,&quot;background_slideshow_slide_transition&quot;:&quot;fade&quot;,&quot;background_slideshow_transition_duration&quot;:500,&quot;background_slideshow_ken_burns_zoom_direction&quot;:&quot;in&quot;}\">\n\t\t\t\t\t<div class=\"e-con-inner\">\n\t\t\t\t<div class=\"elementor-shape elementor-shape-bottom\" aria-hidden=\"true\" data-negative=\"true\">\n\t\t\t<svg xmlns=\"http:\/\/www.w3.org\/2000\/svg\" viewBox=\"0 0 1000 100\" preserveAspectRatio=\"none\">\n\t<path class=\"elementor-shape-fill\" d=\"M737.9,94.7L0,0v100h1000V0L737.9,94.7z\"\/>\n<\/svg>\t\t<\/div>\n\t\t<div class=\"elementor-element elementor-element-79c19f6 e-con-full e-flex e-con e-child\" data-id=\"79c19f6\" data-element_type=\"container\" data-e-type=\"container\" data-settings=\"{&quot;background_background&quot;:&quot;classic&quot;}\">\n\t\t<div class=\"elementor-element elementor-element-4df6ba0 e-con-full e-flex e-con e-child\" data-id=\"4df6ba0\" data-element_type=\"container\" data-e-type=\"container\" data-settings=\"{&quot;background_background&quot;:&quot;classic&quot;,&quot;position&quot;:&quot;absolute&quot;}\">\n\t\t\t\t<div class=\"elementor-element elementor-element-1d77ab8 elementor-widget elementor-widget-heading\" data-id=\"1d77ab8\" data-element_type=\"widget\" data-e-type=\"widget\" data-widget_type=\"heading.default\">\n\t\t\t\t\t<h1 class=\"elementor-heading-title elementor-size-default\">Mieten Sie eine Ferienwohnung f\u00fcr Ihren Urlaub in Lignano Sabbiadoro<\/h1>\t\t\t\t<\/div>\n\t\t\t\t<\/div>\n\t\t\t\t<\/div>\n\t\t\t\t\t<\/div>\n\t\t\t\t<\/div>\n\t\t<div class=\"elementor-element elementor-element-82957b4 e-flex e-con-boxed e-con e-parent\" data-id=\"82957b4\" data-element_type=\"container\" data-e-type=\"container\">\n\t\t\t\t\t<div class=\"e-con-inner\">\n\t\t<div class=\"elementor-element elementor-element-0a9757a e-con-full e-flex e-con e-child\" data-id=\"0a9757a\" data-element_type=\"container\" data-e-type=\"container\">\n\t\t\t\t<div class=\"elementor-element elementor-element-fe2ea1c animated-slow elementor-invisible elementor-widget elementor-widget-gallery\" data-id=\"fe2ea1c\" data-element_type=\"widget\" data-e-type=\"widget\" data-settings=\"{&quot;columns&quot;:2,&quot;_animation&quot;:&quot;fadeIn&quot;,&quot;lazyload&quot;:&quot;yes&quot;,&quot;gallery_layout&quot;:&quot;grid&quot;,&quot;columns_tablet&quot;:2,&quot;columns_mobile&quot;:1,&quot;gap&quot;:{&quot;unit&quot;:&quot;px&quot;,&quot;size&quot;:10,&quot;sizes&quot;:[]},&quot;gap_laptop&quot;:{&quot;unit&quot;:&quot;px&quot;,&quot;size&quot;:10,&quot;sizes&quot;:[]},&quot;gap_tablet&quot;:{&quot;unit&quot;:&quot;px&quot;,&quot;size&quot;:10,&quot;sizes&quot;:[]},&quot;gap_mobile&quot;:{&quot;unit&quot;:&quot;px&quot;,&quot;size&quot;:10,&quot;sizes&quot;:[]},&quot;link_to&quot;:&quot;file&quot;,&quot;aspect_ratio&quot;:&quot;3:2&quot;,&quot;overlay_background&quot;:&quot;yes&quot;,&quot;content_hover_animation&quot;:&quot;fade-in&quot;}\" data-widget_type=\"gallery.default\">\n\t\t\t\t\t\t\t<div class=\"elementor-gallery__container\">\n\t\t\t\t\t\t\t<a class=\"e-gallery-item elementor-gallery-item elementor-animated-content\" href=\"https:\/\/www.sunexpress.it\/wp-content\/uploads\/2025\/10\/img5-chi-siamo-sun-express-lignano-sabbiadoro.jpg\" data-elementor-open-lightbox=\"yes\" data-elementor-lightbox-slideshow=\"fe2ea1c\" data-elementor-lightbox-title=\"img5-chi-siamo-sun-express-lignano-sabbiadoro\" data-e-action-hash=\"#elementor-action%3Aaction%3Dlightbox%26settings%3DeyJpZCI6MTM2LCJ1cmwiOiJodHRwczpcL1wvd3d3LnN1bmV4cHJlc3MuaXRcL3dwLWNvbnRlbnRcL3VwbG9hZHNcLzIwMjVcLzEwXC9pbWc1LWNoaS1zaWFtby1zdW4tZXhwcmVzcy1saWduYW5vLXNhYmJpYWRvcm8uanBnIiwic2xpZGVzaG93IjoiZmUyZWExYyJ9\">\n\t\t\t\t\t<div class=\"e-gallery-image elementor-gallery-item__image\" data-thumbnail=\"https:\/\/www.sunexpress.it\/wp-content\/uploads\/2025\/10\/img5-chi-siamo-sun-express-lignano-sabbiadoro-600x304.jpg\" data-width=\"600\" data-height=\"304\" aria-label=\"\" role=\"img\" ><\/div>\n\t\t\t\t\t\t\t\t\t\t\t<div class=\"elementor-gallery-item__overlay\"><\/div>\n\t\t\t\t\t\t\t\t\t\t\t\t\t\t<\/a>\n\t\t\t\t\t\t\t<a class=\"e-gallery-item elementor-gallery-item elementor-animated-content\" href=\"https:\/\/www.sunexpress.it\/wp-content\/uploads\/2025\/10\/img4-chi-siamo-sun-express-lignano-sabbiadoro.jpg\" data-elementor-open-lightbox=\"yes\" data-elementor-lightbox-slideshow=\"fe2ea1c\" data-elementor-lightbox-title=\"img4-chi-siamo-sun-express-lignano-sabbiadoro\" data-e-action-hash=\"#elementor-action%3Aaction%3Dlightbox%26settings%3DeyJpZCI6MTM1LCJ1cmwiOiJodHRwczpcL1wvd3d3LnN1bmV4cHJlc3MuaXRcL3dwLWNvbnRlbnRcL3VwbG9hZHNcLzIwMjVcLzEwXC9pbWc0LWNoaS1zaWFtby1zdW4tZXhwcmVzcy1saWduYW5vLXNhYmJpYWRvcm8uanBnIiwic2xpZGVzaG93IjoiZmUyZWExYyJ9\">\n\t\t\t\t\t<div class=\"e-gallery-image elementor-gallery-item__image\" data-thumbnail=\"https:\/\/www.sunexpress.it\/wp-content\/uploads\/2025\/10\/img4-chi-siamo-sun-express-lignano-sabbiadoro-600x300.jpg\" data-width=\"600\" data-height=\"300\" aria-label=\"\" role=\"img\" ><\/div>\n\t\t\t\t\t\t\t\t\t\t\t<div class=\"elementor-gallery-item__overlay\"><\/div>\n\t\t\t\t\t\t\t\t\t\t\t\t\t\t<\/a>\n\t\t\t\t\t\t\t<a class=\"e-gallery-item elementor-gallery-item elementor-animated-content\" href=\"https:\/\/www.sunexpress.it\/wp-content\/uploads\/2025\/10\/img3-chi-siamo-sun-express-lignano-sabbiadoro.jpg\" data-elementor-open-lightbox=\"yes\" data-elementor-lightbox-slideshow=\"fe2ea1c\" data-elementor-lightbox-title=\"img3-chi-siamo-sun-express-lignano-sabbiadoro\" data-e-action-hash=\"#elementor-action%3Aaction%3Dlightbox%26settings%3DeyJpZCI6MTM0LCJ1cmwiOiJodHRwczpcL1wvd3d3LnN1bmV4cHJlc3MuaXRcL3dwLWNvbnRlbnRcL3VwbG9hZHNcLzIwMjVcLzEwXC9pbWczLWNoaS1zaWFtby1zdW4tZXhwcmVzcy1saWduYW5vLXNhYmJpYWRvcm8uanBnIiwic2xpZGVzaG93IjoiZmUyZWExYyJ9\">\n\t\t\t\t\t<div class=\"e-gallery-image elementor-gallery-item__image\" data-thumbnail=\"https:\/\/www.sunexpress.it\/wp-content\/uploads\/2025\/10\/img3-chi-siamo-sun-express-lignano-sabbiadoro-600x300.jpg\" data-width=\"600\" data-height=\"300\" aria-label=\"\" role=\"img\" ><\/div>\n\t\t\t\t\t\t\t\t\t\t\t<div class=\"elementor-gallery-item__overlay\"><\/div>\n\t\t\t\t\t\t\t\t\t\t\t\t\t\t<\/a>\n\t\t\t\t\t\t\t<a class=\"e-gallery-item elementor-gallery-item elementor-animated-content\" href=\"https:\/\/www.sunexpress.it\/wp-content\/uploads\/2025\/10\/img1-chi-siamo-sun-express-lignano-sabbiadoro.jpg\" data-elementor-open-lightbox=\"yes\" data-elementor-lightbox-slideshow=\"fe2ea1c\" data-elementor-lightbox-title=\"img1-chi-siamo-sun-express-lignano-sabbiadoro\" data-e-action-hash=\"#elementor-action%3Aaction%3Dlightbox%26settings%3DeyJpZCI6MTMyLCJ1cmwiOiJodHRwczpcL1wvd3d3LnN1bmV4cHJlc3MuaXRcL3dwLWNvbnRlbnRcL3VwbG9hZHNcLzIwMjVcLzEwXC9pbWcxLWNoaS1zaWFtby1zdW4tZXhwcmVzcy1saWduYW5vLXNhYmJpYWRvcm8uanBnIiwic2xpZGVzaG93IjoiZmUyZWExYyJ9\">\n\t\t\t\t\t<div class=\"e-gallery-image elementor-gallery-item__image\" data-thumbnail=\"https:\/\/www.sunexpress.it\/wp-content\/uploads\/2025\/10\/img1-chi-siamo-sun-express-lignano-sabbiadoro-600x274.jpg\" data-width=\"600\" data-height=\"274\" aria-label=\"\" role=\"img\" ><\/div>\n\t\t\t\t\t\t\t\t\t\t\t<div class=\"elementor-gallery-item__overlay\"><\/div>\n\t\t\t\t\t\t\t\t\t\t\t\t\t\t<\/a>\n\t\t\t\t\t\t\t<a class=\"e-gallery-item elementor-gallery-item elementor-animated-content\" href=\"https:\/\/www.sunexpress.it\/wp-content\/uploads\/2025\/10\/img2-chi-siamo-sun-express-lignano-sabbiadoro.jpg\" data-elementor-open-lightbox=\"yes\" data-elementor-lightbox-slideshow=\"fe2ea1c\" data-elementor-lightbox-title=\"img2-chi-siamo-sun-express-lignano-sabbiadoro\" data-e-action-hash=\"#elementor-action%3Aaction%3Dlightbox%26settings%3DeyJpZCI6MTMzLCJ1cmwiOiJodHRwczpcL1wvd3d3LnN1bmV4cHJlc3MuaXRcL3dwLWNvbnRlbnRcL3VwbG9hZHNcLzIwMjVcLzEwXC9pbWcyLWNoaS1zaWFtby1zdW4tZXhwcmVzcy1saWduYW5vLXNhYmJpYWRvcm8uanBnIiwic2xpZGVzaG93IjoiZmUyZWExYyJ9\">\n\t\t\t\t\t<div class=\"e-gallery-image elementor-gallery-item__image\" data-thumbnail=\"https:\/\/www.sunexpress.it\/wp-content\/uploads\/2025\/10\/img2-chi-siamo-sun-express-lignano-sabbiadoro-600x303.jpg\" data-width=\"600\" data-height=\"303\" aria-label=\"\" role=\"img\" ><\/div>\n\t\t\t\t\t\t\t\t\t\t\t<div class=\"elementor-gallery-item__overlay\"><\/div>\n\t\t\t\t\t\t\t\t\t\t\t\t\t\t<\/a>\n\t\t\t\t\t\t\t<a class=\"e-gallery-item elementor-gallery-item elementor-animated-content\" href=\"https:\/\/www.sunexpress.it\/wp-content\/uploads\/2025\/10\/chisiamo_sunexpress_2.jpg\" data-elementor-open-lightbox=\"yes\" data-elementor-lightbox-slideshow=\"fe2ea1c\" data-elementor-lightbox-title=\"chisiamo_sunexpress_2\" data-e-action-hash=\"#elementor-action%3Aaction%3Dlightbox%26settings%3DeyJpZCI6MTI4LCJ1cmwiOiJodHRwczpcL1wvd3d3LnN1bmV4cHJlc3MuaXRcL3dwLWNvbnRlbnRcL3VwbG9hZHNcLzIwMjVcLzEwXC9jaGlzaWFtb19zdW5leHByZXNzXzIuanBnIiwic2xpZGVzaG93IjoiZmUyZWExYyJ9\">\n\t\t\t\t\t<div class=\"e-gallery-image elementor-gallery-item__image\" data-thumbnail=\"https:\/\/www.sunexpress.it\/wp-content\/uploads\/2025\/10\/chisiamo_sunexpress_2-600x308.jpg\" data-width=\"600\" data-height=\"308\" aria-label=\"\" role=\"img\" ><\/div>\n\t\t\t\t\t\t\t\t\t\t\t<div class=\"elementor-gallery-item__overlay\"><\/div>\n\t\t\t\t\t\t\t\t\t\t\t\t\t\t<\/a>\n\t\t\t\t\t\t\t<a class=\"e-gallery-item elementor-gallery-item elementor-animated-content\" href=\"https:\/\/www.sunexpress.it\/wp-content\/uploads\/2025\/10\/chisiamo_sunexpress_4.jpg\" data-elementor-open-lightbox=\"yes\" data-elementor-lightbox-slideshow=\"fe2ea1c\" data-elementor-lightbox-title=\"chisiamo_sunexpress_4\" data-e-action-hash=\"#elementor-action%3Aaction%3Dlightbox%26settings%3DeyJpZCI6MTMwLCJ1cmwiOiJodHRwczpcL1wvd3d3LnN1bmV4cHJlc3MuaXRcL3dwLWNvbnRlbnRcL3VwbG9hZHNcLzIwMjVcLzEwXC9jaGlzaWFtb19zdW5leHByZXNzXzQuanBnIiwic2xpZGVzaG93IjoiZmUyZWExYyJ9\">\n\t\t\t\t\t<div class=\"e-gallery-image elementor-gallery-item__image\" data-thumbnail=\"https:\/\/www.sunexpress.it\/wp-content\/uploads\/2025\/10\/chisiamo_sunexpress_4-600x308.jpg\" data-width=\"600\" data-height=\"308\" aria-label=\"\" role=\"img\" ><\/div>\n\t\t\t\t\t\t\t\t\t\t\t<div class=\"elementor-gallery-item__overlay\"><\/div>\n\t\t\t\t\t\t\t\t\t\t\t\t\t\t<\/a>\n\t\t\t\t\t\t\t<a class=\"e-gallery-item elementor-gallery-item elementor-animated-content\" href=\"https:\/\/www.sunexpress.it\/wp-content\/uploads\/2025\/10\/chisiamo_sunexpress_3.jpg\" data-elementor-open-lightbox=\"yes\" data-elementor-lightbox-slideshow=\"fe2ea1c\" data-elementor-lightbox-title=\"chisiamo_sunexpress_3\" data-e-action-hash=\"#elementor-action%3Aaction%3Dlightbox%26settings%3DeyJpZCI6MTI5LCJ1cmwiOiJodHRwczpcL1wvd3d3LnN1bmV4cHJlc3MuaXRcL3dwLWNvbnRlbnRcL3VwbG9hZHNcLzIwMjVcLzEwXC9jaGlzaWFtb19zdW5leHByZXNzXzMuanBnIiwic2xpZGVzaG93IjoiZmUyZWExYyJ9\">\n\t\t\t\t\t<div class=\"e-gallery-image elementor-gallery-item__image\" data-thumbnail=\"https:\/\/www.sunexpress.it\/wp-content\/uploads\/2025\/10\/chisiamo_sunexpress_3-600x308.jpg\" data-width=\"600\" data-height=\"308\" aria-label=\"\" role=\"img\" ><\/div>\n\t\t\t\t\t\t\t\t\t\t\t<div class=\"elementor-gallery-item__overlay\"><\/div>\n\t\t\t\t\t\t\t\t\t\t\t\t\t\t<\/a>\n\t\t\t\t\t<\/div>\n\t\t\t\t\t<\/div>\n\t\t\t\t<\/div>\n\t\t<div class=\"elementor-element elementor-element-a2b1957 e-con-full e-flex e-con e-child\" data-id=\"a2b1957\" data-element_type=\"container\" data-e-type=\"container\">\n\t\t\t\t<div class=\"elementor-element elementor-element-d2e9e90 animated-slow elementor-invisible elementor-widget elementor-widget-heading\" data-id=\"d2e9e90\" data-element_type=\"widget\" data-e-type=\"widget\" data-settings=\"{&quot;_animation&quot;:&quot;fadeInRight&quot;,&quot;_animation_delay&quot;:200}\" data-widget_type=\"heading.default\">\n\t\t\t\t\t<h2 class=\"elementor-heading-title elementor-size-default\">Immobilienagentur Sun Express<br> in Lignano Sabbiadoro<\/h2>\t\t\t\t<\/div>\n\t\t\t\t<div class=\"elementor-element elementor-element-ff6f075 elementor-invisible elementor-widget elementor-widget-text-editor\" data-id=\"ff6f075\" data-element_type=\"widget\" data-e-type=\"widget\" data-settings=\"{&quot;_animation&quot;:&quot;fadeInRight&quot;,&quot;_animation_delay&quot;:350}\" data-widget_type=\"text-editor.default\">\n\t\t\t\t\t\t\t\t\t<p>Die Sun Express Agency ist auf den <strong>Verkauf<\/strong> und die <strong>Vermietung<\/strong> von <strong>Immobilien<\/strong> und <strong>Grundst\u00fccken<\/strong> spezialisiert und m\u00f6chte ein vertrauensw\u00fcrdiger Partner f\u00fcr alle sein, die im wundersch\u00f6nen Lignano ein Haus oder Grundst\u00fcck kaufen oder mieten m\u00f6chten.<\/p>\n<p>Sie begibt sich in kompetente H\u00e4nde und deckt damit ein breites Spektrum an Bed\u00fcrfnissen ab. Das Angebot reicht von eleganten Neubauanlagen im Zentrum von Lignano Sabbiadoro \u00fcber gem\u00fctliche Strandapartments und komfortable, ruhige Villen im Pinienwald bis hin zu Apartments mit Bootsliegeplatz in den nahegelegenen Yachth\u00e4fen.<\/p>\n\t\t\t\t\t\t\t\t<\/div>\n\t\t<div class=\"elementor-element elementor-element-79abbe1 e-con-full elementor-hidden-desktop elementor-hidden-laptop elementor-hidden-tablet elementor-hidden-mobile e-flex e-con e-child\" data-id=\"79abbe1\" data-element_type=\"container\" data-e-type=\"container\">\n\t\t<div class=\"elementor-element elementor-element-80c1e62 e-con-full animated-slow e-flex elementor-invisible e-con e-child\" data-id=\"80c1e62\" data-element_type=\"container\" data-e-type=\"container\" data-settings=\"{&quot;animation&quot;:&quot;zoomIn&quot;,&quot;animation_delay&quot;:450}\">\n\t\t\t\t<div class=\"elementor-element elementor-element-307f51e elementor-widget elementor-widget-image\" data-id=\"307f51e\" data-element_type=\"widget\" data-e-type=\"widget\" data-widget_type=\"image.default\">\n\t\t\t\t\t\t\t\t\t\t\t\t\t\t\t<img fetchpriority=\"high\" decoding=\"async\" width=\"500\" height=\"500\" src=\"https:\/\/www.sunexpress.it\/wp-content\/uploads\/2025\/10\/icon-man.jpg\" class=\"attachment-full size-full wp-image-942\" alt=\"\" srcset=\"https:\/\/www.sunexpress.it\/wp-content\/uploads\/2025\/10\/icon-man.jpg 500w, https:\/\/www.sunexpress.it\/wp-content\/uploads\/2025\/10\/icon-man-300x300.jpg 300w\" sizes=\"(max-width: 500px) 100vw, 500px\" \/>\t\t\t\t\t\t\t\t\t\t\t\t\t\t\t<\/div>\n\t\t\t\t<div class=\"elementor-element elementor-element-25ab299 elementor-widget elementor-widget-heading\" data-id=\"25ab299\" data-element_type=\"widget\" data-e-type=\"widget\" data-widget_type=\"heading.default\">\n\t\t\t\t\t<h2 class=\"elementor-heading-title elementor-size-default\">Michele Del Vecchio<\/h2>\t\t\t\t<\/div>\n\t\t\t\t<\/div>\n\t\t<div class=\"elementor-element elementor-element-c25eb7a e-con-full animated-slow e-flex elementor-invisible e-con e-child\" data-id=\"c25eb7a\" data-element_type=\"container\" data-e-type=\"container\" data-settings=\"{&quot;animation&quot;:&quot;zoomIn&quot;,&quot;animation_delay&quot;:550}\">\n\t\t\t\t<div class=\"elementor-element elementor-element-2d8f38f elementor-widget elementor-widget-image\" data-id=\"2d8f38f\" data-element_type=\"widget\" data-e-type=\"widget\" data-widget_type=\"image.default\">\n\t\t\t\t\t\t\t\t\t\t\t\t\t\t\t<img fetchpriority=\"high\" decoding=\"async\" width=\"500\" height=\"500\" src=\"https:\/\/www.sunexpress.it\/wp-content\/uploads\/2025\/10\/icon-man.jpg\" class=\"attachment-full size-full wp-image-942\" alt=\"\" srcset=\"https:\/\/www.sunexpress.it\/wp-content\/uploads\/2025\/10\/icon-man.jpg 500w, https:\/\/www.sunexpress.it\/wp-content\/uploads\/2025\/10\/icon-man-300x300.jpg 300w\" sizes=\"(max-width: 500px) 100vw, 500px\" \/>\t\t\t\t\t\t\t\t\t\t\t\t\t\t\t<\/div>\n\t\t\t\t<div class=\"elementor-element elementor-element-b195edd elementor-widget elementor-widget-heading\" data-id=\"b195edd\" data-element_type=\"widget\" data-e-type=\"widget\" data-widget_type=\"heading.default\">\n\t\t\t\t\t<h2 class=\"elementor-heading-title elementor-size-default\">Manuela Del Vecchio<\/h2>\t\t\t\t<\/div>\n\t\t\t\t<\/div>\n\t\t\t\t<\/div>\n\t\t\t\t<\/div>\n\t\t\t\t\t<\/div>\n\t\t\t\t<\/div>\n\t\t<div class=\"elementor-element elementor-element-a03dee2 e-con-full animated-slow e-flex elementor-invisible e-con e-parent\" data-id=\"a03dee2\" data-element_type=\"container\" data-e-type=\"container\" data-settings=\"{&quot;background_background&quot;:&quot;classic&quot;,&quot;animation&quot;:&quot;fadeInUp&quot;}\">\n\t\t\t\t<div class=\"elementor-element elementor-element-7a66d43 elementor-cta--skin-cover elementor-animated-content elementor-bg-transform elementor-bg-transform-zoom-in elementor-widget elementor-widget-call-to-action\" data-id=\"7a66d43\" data-element_type=\"widget\" data-e-type=\"widget\" data-widget_type=\"call-to-action.default\">\n\t\t\t\t\t\t\t<div class=\"elementor-cta\">\n\t\t\t\t\t<div class=\"elementor-cta__bg-wrapper\">\n\t\t\t\t<div class=\"elementor-cta__bg elementor-bg\" style=\"background-image: url(https:\/\/www.sunexpress.it\/wp-content\/uploads\/2025\/10\/img-cta-sun-express-agenzia-immobiliare-lignano-sabbiadoro.jpg);\" role=\"img\" aria-label=\"img-cta-sun-express-agenzia-immobiliare-lignano-sabbiadoro\"><\/div>\n\t\t\t\t<div class=\"elementor-cta__bg-overlay\"><\/div>\n\t\t\t<\/div>\n\t\t\t\t\t\t\t<div class=\"elementor-cta__content\">\n\t\t\t\t\n\t\t\t\t\t\t\t\t\t<h2 class=\"elementor-cta__title elementor-cta__content-item elementor-content-item elementor-animated-item--grow\">\n\t\t\t\t\t\tSUN EXPRESS\t\t\t\t\t<\/h2>\n\t\t\t\t\n\t\t\t\t\t\t\t\t\t<div class=\"elementor-cta__description elementor-cta__content-item elementor-content-item elementor-animated-item--grow\">\n\t\t\t\t\t\t<p>Ihre Immobilienagentur in Lignano Sabbiadoro<\/p>\n\t\t\t\t\t<\/div>\n\t\t\t\t\n\t\t\t\t\t\t\t\t\t<div class=\"elementor-cta__button-wrapper elementor-cta__content-item elementor-content-item elementor-animated-item--grow\">\n\t\t\t\t\t<a class=\"elementor-cta__button elementor-button elementor-size-\" href=\"tel:+390431721642\">\n\t\t\t\t\t\t+39 0431 721642\t\t\t\t\t<\/a>\n\t\t\t\t\t<\/div>\n\t\t\t\t\t\t\t<\/div>\n\t\t\t\t\t\t<\/div>\n\t\t\t\t\t\t<\/div>\n\t\t\t\t<\/div>\n\t\t\t\t<\/div>\n\t\t","protected":false},"excerpt":{"rendered":"<p>Mieten Sie eine Ferienwohnung f\u00fcr Ihren Urlaub in Lignano Sabbiadoro Immobilienagentur Sun Express in Lignano Sabbiadoro Die Sun Express Agency ist auf den Verkauf und die Vermietung von Immobilien und Grundst\u00fccken spezialisiert und m\u00f6chte ein vertrauensw\u00fcrdiger Partner f\u00fcr alle sein, die im wundersch\u00f6nen Lignano ein Haus oder Grundst\u00fcck kaufen oder mieten m\u00f6chten. Sie begibt sich [&hellip;]<\/p>\n","protected":false},"author":1,"featured_media":0,"parent":0,"menu_order":0,"comment_status":"closed","ping_status":"closed","template":"elementor_header_footer","meta":{"footnotes":""},"class_list":["post-941","page","type-page","status-publish","hentry"],"acf":[],"_links":{"self":[{"href":"https:\/\/www.sunexpress.it\/de\/wp-json\/wp\/v2\/pages\/941","targetHints":{"allow":["GET"]}}],"collection":[{"href":"https:\/\/www.sunexpress.it\/de\/wp-json\/wp\/v2\/pages"}],"about":[{"href":"https:\/\/www.sunexpress.it\/de\/wp-json\/wp\/v2\/types\/page"}],"author":[{"embeddable":true,"href":"https:\/\/www.sunexpress.it\/de\/wp-json\/wp\/v2\/users\/1"}],"replies":[{"embeddable":true,"href":"https:\/\/www.sunexpress.it\/de\/wp-json\/wp\/v2\/comments?post=941"}],"version-history":[{"count":3,"href":"https:\/\/www.sunexpress.it\/de\/wp-json\/wp\/v2\/pages\/941\/revisions"}],"predecessor-version":[{"id":1350,"href":"https:\/\/www.sunexpress.it\/de\/wp-json\/wp\/v2\/pages\/941\/revisions\/1350"}],"wp:attachment":[{"href":"https:\/\/www.sunexpress.it\/de\/wp-json\/wp\/v2\/media?parent=941"}],"curies":[{"name":"wp","href":"https:\/\/api.w.org\/{rel}","templated":true}]}}